{"id":833,"date":"2020-02-07T19:05:54","date_gmt":"2020-02-07T18:05:54","guid":{"rendered":"http:\/\/tousensemblepourbuc.org\/?page_id=833"},"modified":"2020-02-07T19:09:38","modified_gmt":"2020-02-07T18:09:38","slug":"mentions-legales-politique-de-confidentialite","status":"publish","type":"page","link":"http:\/\/tousensemblepourbuc.org\/index.php\/mentions-legales-politique-de-confidentialite\/","title":{"rendered":"Mentions l\u00e9gales &#038; politique de confidentialit\u00e9"},"content":{"rendered":"\t\t<div data-elementor-type=\"wp-page\" data-elementor-id=\"833\" class=\"elementor elementor-833\">\n\t\t\t\t\t\t<section class=\"elementor-section elementor-top-section elementor-element elementor-element-1060743 elementor-section-boxed elementor-section-height-default elementor-section-height-default\" data-id=\"1060743\" data-element_type=\"section\">\n\t\t\t\t\t\t<div class=\"elementor-container elementor-column-gap-default\">\n\t\t\t\t\t<div class=\"elementor-column elementor-col-100 elementor-top-column elementor-element elementor-element-7ae59ac\" data-id=\"7ae59ac\" data-element_type=\"column\">\n\t\t\t<div class=\"elementor-widget-wrap elementor-element-populated\">\n\t\t\t\t\t\t<div class=\"elementor-element elementor-element-a27b799 elementor-widget elementor-widget-heading\" data-id=\"a27b799\" data-element_type=\"widget\" data-widget_type=\"heading.default\">\n\t\t\t\t<div class=\"elementor-widget-container\">\n\t\t\t\t\t<h2 class=\"elementor-heading-title elementor-size-large\">Mentions l\u00e9gales &amp; politique de confidentialit\u00e9<\/h2>\t\t\t\t<\/div>\n\t\t\t\t<\/div>\n\t\t\t\t\t<\/div>\n\t\t<\/div>\n\t\t\t\t\t<\/div>\n\t\t<\/section>\n\t\t\t\t<section class=\"elementor-section elementor-top-section elementor-element elementor-element-f856714 elementor-section-boxed elementor-section-height-default elementor-section-height-default\" data-id=\"f856714\" data-element_type=\"section\">\n\t\t\t\t\t\t<div class=\"elementor-container elementor-column-gap-default\">\n\t\t\t\t\t<div class=\"elementor-column elementor-col-100 elementor-top-column elementor-element elementor-element-601ef48\" data-id=\"601ef48\" data-element_type=\"column\">\n\t\t\t<div class=\"elementor-widget-wrap elementor-element-populated\">\n\t\t\t\t\t\t<div class=\"elementor-element elementor-element-e6bf7af elementor-widget elementor-widget-text-editor\" data-id=\"e6bf7af\" data-element_type=\"widget\" data-widget_type=\"text-editor.default\">\n\t\t\t\t<div class=\"elementor-widget-container\">\n\t\t\t\t\t\t\t\t\t<p>Tous Ensemble pour Buc\u00a0! est une association r\u00e9gie par la loi de 1901 enregistr\u00e9e \u00e0 la Pr\u00e9fecture des Yvelines<\/p><p><strong>Si\u00e8ge social &amp; administratif<\/strong><br \/>Tous Ensemble Pour Buc\u00a0!<br \/>2, avenue Jules Massenet<br \/>78530 BUC<\/p><p><strong>Contact<\/strong><br \/>Email :\u00a0<a href=\"mailto:contact@tousensemblepourbuc.org\">contact@tousensemblepourbuc.org<\/a><\/p><p><strong>Repr\u00e9sentants l\u00e9gaux<\/strong><br \/>M. St\u00e9phane Grasset : Pr\u00e9sident<br \/>M. John Colleemallay : Vice-Pr\u00e9sident<br \/>Mme Elisabeth Morelli\u00a0: Tr\u00e9sori\u00e8re<br \/>Bernard Million-Rousseau\u00a0: Secr\u00e9taire<\/p><p><strong>Directeur de la publication<\/strong><br \/>M. St\u00e9phane Grasset<\/p><p><strong>H\u00e9bergement<\/strong><br \/>H\u00e9bergeur :\u00a0OVH<br \/>SAS au capital de 10 000 000 \u20ac<br \/>RCS Roubaix \u2013 Tourcoing 424 761 419 00045<br \/>Code APE 6202A<br \/>N\u00b0 TVA : FR 22 424 761 419<br \/>Si\u00e8ge social : 2 rue Kellermann \u2013 59100 ROUBAIX \u2013 France<\/p>\t\t\t\t\t\t\t\t<\/div>\n\t\t\t\t<\/div>\n\t\t\t\t\t<\/div>\n\t\t<\/div>\n\t\t\t\t\t<\/div>\n\t\t<\/section>\n\t\t\t\t<section class=\"elementor-section elementor-top-section elementor-element elementor-element-9e6ea60 elementor-section-boxed elementor-section-height-default elementor-section-height-default\" data-id=\"9e6ea60\" data-element_type=\"section\">\n\t\t\t\t\t\t<div class=\"elementor-container elementor-column-gap-default\">\n\t\t\t\t\t<div class=\"elementor-column elementor-col-100 elementor-top-column elementor-element elementor-element-5d0c4ab\" data-id=\"5d0c4ab\" data-element_type=\"column\">\n\t\t\t<div class=\"elementor-widget-wrap elementor-element-populated\">\n\t\t\t\t\t\t<div class=\"elementor-element elementor-element-ca3fb21 elementor-widget elementor-widget-text-editor\" data-id=\"ca3fb21\" data-element_type=\"widget\" data-widget_type=\"text-editor.default\">\n\t\t\t\t<div class=\"elementor-widget-container\">\n\t\t\t\t\t\t\t\t\t<p><strong>Politique de confidentialit\u00e9<\/strong><\/p><p>Utilisation des donn\u00e9es personnelles collect\u00e9es<\/p><p>Formulaires de contact<\/p><p>Les informations recueillies sur ce formulaire sont enregistr\u00e9es dans une base de donn\u00e9es g\u00e9r\u00e9e par Tous Ensemble pour Buc\u00a0! pour permettre de vous adresser des r\u00e9ponses adapt\u00e9es \u00e0 vos prises de contact.\u00a0<\/p><p>Conform\u00e9ment \u00e0 la loi \u00ab informatique et libert\u00e9s \u00bb, vous pouvez exercer votre droit d\u2019acc\u00e8s aux donn\u00e9es vous concernant et les faire rectifier en contactant : <a href=\"mailto:contact@tousensemblepourbuc.org\">contact@tousensemblepourbuc.org<\/a><\/p><p>Lettre d\u2019information Tous Ensemble Pour Buc\u00a0!<\/p><p>Si vous souscrivez \u00e0 la newsletter de Tous Ensemble pour Buc\u00a0! nous utiliserons votre adresse e-mail pour vous envoyer des lettres d\u2019information r\u00e9guli\u00e8res et pour vous informer de nos actions. Vous pouvez vous d\u00e9sinscrire de ce service \u00e0 tout moment en cliquant sur un lien pr\u00e9sent dans l\u2019une de ces newsletters ou en nous contact par email \u00e0 <a href=\"mailto:contact@tousensemblepourbuc.org\">contact@tousensemblepourbuc.org<\/a><\/p><p>Informations de contact<\/p><p>Pour toutes questions concernant vos donn\u00e9es personnelles et ou retrait de celles-ci, veuillez nous contacter via notre formulaire de contact : \u00a0<a href=\"http:\/\/tousensemblepourbuc.org\/index.php\/contact\/\">http:\/\/tousensemblepourbuc.org\/index.php\/contact\/ <\/a>ou par mail \u00e0 <a href=\"mailto:contact@tousensemblepourbuc.org\">contact@tousensemblepourbuc.org<\/a><\/p><p>ou par courrier \u00e0 :<br \/>Tous Ensemble pour Buc\u00a0!\u00a0 <br \/>2, avenue Jules Massenet<br \/>78530 BUC<\/p>\t\t\t\t\t\t\t\t<\/div>\n\t\t\t\t<\/div>\n\t\t\t\t\t<\/div>\n\t\t<\/div>\n\t\t\t\t\t<\/div>\n\t\t<\/section>\n\t\t\t\t<\/div>\n\t\t","protected":false},"excerpt":{"rendered":"<p>Mentions l\u00e9gales &amp; politique de confidentialit\u00e9 Tous Ensemble pour Buc&nbsp;! est une association r\u00e9gie par la loi de 1901 enregistr\u00e9e \u00e0 la Pr\u00e9fecture des Yvelines Si\u00e8ge social &amp; administratif Tous Ensemble Pour Buc&nbsp;! 2, avenue Jules Massenet 78530 BUC Contact Email :&nbsp;contact@tousensemblepourbuc.org Repr\u00e9sentants l\u00e9gaux M. St\u00e9phane Grasset : Pr\u00e9sident M. John Colleemallay : Vice-Pr\u00e9sident Mme [&hellip;]<\/p>\n","protected":false},"author":1,"featured_media":0,"parent":0,"menu_order":0,"comment_status":"closed","ping_status":"closed","template":"","meta":{"site-sidebar-layout":"no-sidebar","site-content-layout":"page-builder","ast-site-content-layout":"default","site-content-style":"default","site-sidebar-style":"default","ast-global-header-display":"","ast-banner-title-visibility":"","ast-main-header-display":"","ast-hfb-above-header-display":"","ast-hfb-below-header-display":"","ast-hfb-mobile-header-display":"","site-post-title":"disabled","ast-breadcrumbs-content":"","ast-featured-img":"disabled","footer-sml-layout":"","theme-transparent-header-meta":"default","adv-header-id-meta":"","stick-header-meta":"","header-above-stick-meta":"","header-main-stick-meta":"","header-below-stick-meta":"","astra-migrate-meta-layouts":"default","ast-page-background-enabled":"default","ast-page-background-meta":{"desktop":{"background-color":"","background-image":"","background-repeat":"repeat","background-position":"center center","background-size":"auto","background-attachment":"scroll","background-type":"","background-media":"","overlay-type":"","overlay-color":"","overlay-opacity":"","overlay-gradient":""},"tablet":{"background-color":"","background-image":"","background-repeat":"repeat","background-position":"center center","background-size":"auto","background-attachment":"scroll","background-type":"","background-media":"","overlay-type":"","overlay-color":"","overlay-opacity":"","overlay-gradient":""},"mobile":{"background-color":"","background-image":"","background-repeat":"repeat","background-position":"center center","background-size":"auto","background-attachment":"scroll","background-type":"","background-media":"","overlay-type":"","overlay-color":"","overlay-opacity":"","overlay-gradient":""}},"ast-content-background-meta":{"desktop":{"background-color":"var(--ast-global-color-5)","background-image":"","background-repeat":"repeat","background-position":"center center","background-size":"auto","background-attachment":"scroll","background-type":"","background-media":"","overlay-type":"","overlay-color":"","overlay-opacity":"","overlay-gradient":""},"tablet":{"background-color":"var(--ast-global-color-5)","background-image":"","background-repeat":"repeat","background-position":"center center","background-size":"auto","background-attachment":"scroll","background-type":"","background-media":"","overlay-type":"","overlay-color":"","overlay-opacity":"","overlay-gradient":""},"mobile":{"background-color":"var(--ast-global-color-5)","background-image":"","background-repeat":"repeat","background-position":"center center","background-size":"auto","background-attachment":"scroll","background-type":"","background-media":"","overlay-type":"","overlay-color":"","overlay-opacity":"","overlay-gradient":""}},"footnotes":""},"class_list":["post-833","page","type-page","status-publish","hentry"],"yoast_head":"<!-- This site is optimized with the Yoast SEO plugin v26.6 - https:\/\/yoast.com\/wordpress\/plugins\/seo\/ -->\n<title>Mentions l\u00e9gales &amp; politique de confidentialit\u00e9 - Tous Ensemble pour Buc !<\/title>\n<meta name=\"robots\" content=\"index, follow, max-snippet:-1, max-image-preview:large, max-video-preview:-1\" \/>\n<link rel=\"canonical\" href=\"http:\/\/tousensemblepourbuc.org\/index.php\/mentions-legales-politique-de-confidentialite\/\" \/>\n<meta property=\"og:locale\" content=\"en_US\" \/>\n<meta property=\"og:type\" content=\"article\" \/>\n<meta property=\"og:title\" content=\"Mentions l\u00e9gales &amp; politique de confidentialit\u00e9 - Tous Ensemble pour Buc !\" \/>\n<meta property=\"og:description\" content=\"Mentions l\u00e9gales &amp; politique de confidentialit\u00e9 Tous Ensemble pour Buc&nbsp;! est une association r\u00e9gie par la loi de 1901 enregistr\u00e9e \u00e0 la Pr\u00e9fecture des Yvelines Si\u00e8ge social &amp; administratif Tous Ensemble Pour Buc&nbsp;! 2, avenue Jules Massenet 78530 BUC Contact Email :&nbsp;contact@tousensemblepourbuc.org Repr\u00e9sentants l\u00e9gaux M. St\u00e9phane Grasset : Pr\u00e9sident M. John Colleemallay : Vice-Pr\u00e9sident Mme [&hellip;]\" \/>\n<meta property=\"og:url\" content=\"http:\/\/tousensemblepourbuc.org\/index.php\/mentions-legales-politique-de-confidentialite\/\" \/>\n<meta property=\"og:site_name\" content=\"Tous Ensemble pour Buc !\" \/>\n<meta property=\"article:modified_time\" content=\"2020-02-07T18:09:38+00:00\" \/>\n<meta name=\"twitter:card\" content=\"summary_large_image\" \/>\n<meta name=\"twitter:label1\" content=\"Est. reading time\" \/>\n\t<meta name=\"twitter:data1\" content=\"2 minutes\" \/>\n<script type=\"application\/ld+json\" class=\"yoast-schema-graph\">{\"@context\":\"https:\/\/schema.org\",\"@graph\":[{\"@type\":\"WebPage\",\"@id\":\"http:\/\/tousensemblepourbuc.org\/index.php\/mentions-legales-politique-de-confidentialite\/\",\"url\":\"http:\/\/tousensemblepourbuc.org\/index.php\/mentions-legales-politique-de-confidentialite\/\",\"name\":\"Mentions l\u00e9gales & politique de confidentialit\u00e9 - Tous Ensemble pour Buc !\",\"isPartOf\":{\"@id\":\"http:\/\/tousensemblepourbuc.org\/#website\"},\"datePublished\":\"2020-02-07T18:05:54+00:00\",\"dateModified\":\"2020-02-07T18:09:38+00:00\",\"breadcrumb\":{\"@id\":\"http:\/\/tousensemblepourbuc.org\/index.php\/mentions-legales-politique-de-confidentialite\/#breadcrumb\"},\"inLanguage\":\"en-US\",\"potentialAction\":[{\"@type\":\"ReadAction\",\"target\":[\"http:\/\/tousensemblepourbuc.org\/index.php\/mentions-legales-politique-de-confidentialite\/\"]}]},{\"@type\":\"BreadcrumbList\",\"@id\":\"http:\/\/tousensemblepourbuc.org\/index.php\/mentions-legales-politique-de-confidentialite\/#breadcrumb\",\"itemListElement\":[{\"@type\":\"ListItem\",\"position\":1,\"name\":\"Accueil\",\"item\":\"http:\/\/tousensemblepourbuc.org\/\"},{\"@type\":\"ListItem\",\"position\":2,\"name\":\"Mentions l\u00e9gales &#038; politique de confidentialit\u00e9\"}]},{\"@type\":\"WebSite\",\"@id\":\"http:\/\/tousensemblepourbuc.org\/#website\",\"url\":\"http:\/\/tousensemblepourbuc.org\/\",\"name\":\"Tous Ensemble pour Buc !\",\"description\":\"My Awesome &lt;b&gt;GivingPress&lt;\/b&gt;&lt;br \/&gt; Nonprofit Website\",\"publisher\":{\"@id\":\"http:\/\/tousensemblepourbuc.org\/#organization\"},\"potentialAction\":[{\"@type\":\"SearchAction\",\"target\":{\"@type\":\"EntryPoint\",\"urlTemplate\":\"http:\/\/tousensemblepourbuc.org\/?s={search_term_string}\"},\"query-input\":{\"@type\":\"PropertyValueSpecification\",\"valueRequired\":true,\"valueName\":\"search_term_string\"}}],\"inLanguage\":\"en-US\"},{\"@type\":\"Organization\",\"@id\":\"http:\/\/tousensemblepourbuc.org\/#organization\",\"name\":\"Tous Ensemble pour Buc !\",\"url\":\"http:\/\/tousensemblepourbuc.org\/\",\"logo\":{\"@type\":\"ImageObject\",\"inLanguage\":\"en-US\",\"@id\":\"http:\/\/tousensemblepourbuc.org\/#\/schema\/logo\/image\/\",\"url\":\"http:\/\/tousensemblepourbuc.org\/wp-content\/uploads\/2019\/11\/cropped-logo-tous-ensemble-pour-buc-banni\u00e8re-2.png\",\"contentUrl\":\"http:\/\/tousensemblepourbuc.org\/wp-content\/uploads\/2019\/11\/cropped-logo-tous-ensemble-pour-buc-banni\u00e8re-2.png\",\"width\":3735,\"height\":1246,\"caption\":\"Tous Ensemble pour Buc !\"},\"image\":{\"@id\":\"http:\/\/tousensemblepourbuc.org\/#\/schema\/logo\/image\/\"}}]}<\/script>\n<!-- \/ Yoast SEO plugin. -->","yoast_head_json":{"title":"Mentions l\u00e9gales & politique de confidentialit\u00e9 - Tous Ensemble pour Buc !","robots":{"index":"index","follow":"follow","max-snippet":"max-snippet:-1","max-image-preview":"max-image-preview:large","max-video-preview":"max-video-preview:-1"},"canonical":"http:\/\/tousensemblepourbuc.org\/index.php\/mentions-legales-politique-de-confidentialite\/","og_locale":"en_US","og_type":"article","og_title":"Mentions l\u00e9gales & politique de confidentialit\u00e9 - Tous Ensemble pour Buc !","og_description":"Mentions l\u00e9gales &amp; politique de confidentialit\u00e9 Tous Ensemble pour Buc&nbsp;! est une association r\u00e9gie par la loi de 1901 enregistr\u00e9e \u00e0 la Pr\u00e9fecture des Yvelines Si\u00e8ge social &amp; administratif Tous Ensemble Pour Buc&nbsp;! 2, avenue Jules Massenet 78530 BUC Contact Email :&nbsp;contact@tousensemblepourbuc.org Repr\u00e9sentants l\u00e9gaux M. St\u00e9phane Grasset : Pr\u00e9sident M. John Colleemallay : Vice-Pr\u00e9sident Mme [&hellip;]","og_url":"http:\/\/tousensemblepourbuc.org\/index.php\/mentions-legales-politique-de-confidentialite\/","og_site_name":"Tous Ensemble pour Buc !","article_modified_time":"2020-02-07T18:09:38+00:00","twitter_card":"summary_large_image","twitter_misc":{"Est. reading time":"2 minutes"},"schema":{"@context":"https:\/\/schema.org","@graph":[{"@type":"WebPage","@id":"http:\/\/tousensemblepourbuc.org\/index.php\/mentions-legales-politique-de-confidentialite\/","url":"http:\/\/tousensemblepourbuc.org\/index.php\/mentions-legales-politique-de-confidentialite\/","name":"Mentions l\u00e9gales & politique de confidentialit\u00e9 - Tous Ensemble pour Buc !","isPartOf":{"@id":"http:\/\/tousensemblepourbuc.org\/#website"},"datePublished":"2020-02-07T18:05:54+00:00","dateModified":"2020-02-07T18:09:38+00:00","breadcrumb":{"@id":"http:\/\/tousensemblepourbuc.org\/index.php\/mentions-legales-politique-de-confidentialite\/#breadcrumb"},"inLanguage":"en-US","potentialAction":[{"@type":"ReadAction","target":["http:\/\/tousensemblepourbuc.org\/index.php\/mentions-legales-politique-de-confidentialite\/"]}]},{"@type":"BreadcrumbList","@id":"http:\/\/tousensemblepourbuc.org\/index.php\/mentions-legales-politique-de-confidentialite\/#breadcrumb","itemListElement":[{"@type":"ListItem","position":1,"name":"Accueil","item":"http:\/\/tousensemblepourbuc.org\/"},{"@type":"ListItem","position":2,"name":"Mentions l\u00e9gales &#038; politique de confidentialit\u00e9"}]},{"@type":"WebSite","@id":"http:\/\/tousensemblepourbuc.org\/#website","url":"http:\/\/tousensemblepourbuc.org\/","name":"Tous Ensemble pour Buc !","description":"My Awesome &lt;b&gt;GivingPress&lt;\/b&gt;&lt;br \/&gt; Nonprofit Website","publisher":{"@id":"http:\/\/tousensemblepourbuc.org\/#organization"},"potentialAction":[{"@type":"SearchAction","target":{"@type":"EntryPoint","urlTemplate":"http:\/\/tousensemblepourbuc.org\/?s={search_term_string}"},"query-input":{"@type":"PropertyValueSpecification","valueRequired":true,"valueName":"search_term_string"}}],"inLanguage":"en-US"},{"@type":"Organization","@id":"http:\/\/tousensemblepourbuc.org\/#organization","name":"Tous Ensemble pour Buc !","url":"http:\/\/tousensemblepourbuc.org\/","logo":{"@type":"ImageObject","inLanguage":"en-US","@id":"http:\/\/tousensemblepourbuc.org\/#\/schema\/logo\/image\/","url":"http:\/\/tousensemblepourbuc.org\/wp-content\/uploads\/2019\/11\/cropped-logo-tous-ensemble-pour-buc-banni\u00e8re-2.png","contentUrl":"http:\/\/tousensemblepourbuc.org\/wp-content\/uploads\/2019\/11\/cropped-logo-tous-ensemble-pour-buc-banni\u00e8re-2.png","width":3735,"height":1246,"caption":"Tous Ensemble pour Buc !"},"image":{"@id":"http:\/\/tousensemblepourbuc.org\/#\/schema\/logo\/image\/"}}]}},"_links":{"self":[{"href":"http:\/\/tousensemblepourbuc.org\/index.php\/wp-json\/wp\/v2\/pages\/833","targetHints":{"allow":["GET"]}}],"collection":[{"href":"http:\/\/tousensemblepourbuc.org\/index.php\/wp-json\/wp\/v2\/pages"}],"about":[{"href":"http:\/\/tousensemblepourbuc.org\/index.php\/wp-json\/wp\/v2\/types\/page"}],"author":[{"embeddable":true,"href":"http:\/\/tousensemblepourbuc.org\/index.php\/wp-json\/wp\/v2\/users\/1"}],"replies":[{"embeddable":true,"href":"http:\/\/tousensemblepourbuc.org\/index.php\/wp-json\/wp\/v2\/comments?post=833"}],"version-history":[{"count":3,"href":"http:\/\/tousensemblepourbuc.org\/index.php\/wp-json\/wp\/v2\/pages\/833\/revisions"}],"predecessor-version":[{"id":836,"href":"http:\/\/tousensemblepourbuc.org\/index.php\/wp-json\/wp\/v2\/pages\/833\/revisions\/836"}],"wp:attachment":[{"href":"http:\/\/tousensemblepourbuc.org\/index.php\/wp-json\/wp\/v2\/media?parent=833"}],"curies":[{"name":"wp","href":"https:\/\/api.w.org\/{rel}","templated":true}]}}